{"id":1302,"date":"2020-10-18T11:17:14","date_gmt":"2020-10-18T15:17:14","guid":{"rendered":"http:\/\/past-lumber.flywheelsites.com\/?page_id=1302"},"modified":"2026-04-03T11:31:26","modified_gmt":"2026-04-03T15:31:26","slug":"contact","status":"publish","type":"page","link":"https:\/\/datadis.com\/fr\/contact\/","title":{"rendered":"Contact"},"content":{"rendered":"\t\t<div data-elementor-type=\"wp-page\" data-elementor-id=\"1302\" class=\"elementor elementor-1302\" data-elementor-post-type=\"page\">\n\t\t\t\t<div class=\"elementor-element elementor-element-53f0ef8 e-con-full e-flex e-con e-parent\" data-id=\"53f0ef8\" data-element_type=\"container\" data-e-type=\"container\" data-settings=\"{&quot;jet_parallax_layout_list&quot;:[]}\">\n\t\t<div class=\"elementor-element elementor-element-62efbf2 e-con-full e-flex e-con e-child\" data-id=\"62efbf2\" data-element_type=\"container\" data-e-type=\"container\" data-settings=\"{&quot;jet_parallax_layout_list&quot;:[]}\">\n\t\t<div class=\"elementor-element elementor-element-37904e0 e-con-full e-flex e-con e-child\" data-id=\"37904e0\" data-element_type=\"container\" data-e-type=\"container\" data-settings=\"{&quot;jet_parallax_layout_list&quot;:[]}\">\n\t\t<div class=\"elementor-element elementor-element-a7fd4fe e-con-full e-flex e-con e-child\" data-id=\"a7fd4fe\" data-element_type=\"container\" data-e-type=\"container\" data-settings=\"{&quot;jet_parallax_layout_list&quot;:[]}\">\n\t\t\t\t<div class=\"elementor-element elementor-element-5e89cf9 elementor-widget elementor-widget-heading\" data-id=\"5e89cf9\" data-element_type=\"widget\" data-e-type=\"widget\" data-widget_type=\"heading.default\">\n\t\t\t\t\t<h3 class=\"elementor-heading-title elementor-size-default\">Envoyez-nous un message!<\/h3>\t\t\t\t<\/div>\n\t\t\t\t<div class=\"elementor-element elementor-element-c5de627 elementor-widget elementor-widget-html\" data-id=\"c5de627\" data-element_type=\"widget\" data-e-type=\"widget\" data-widget_type=\"html.default\">\n\t\t\t\t\t<iframe src=\"https:\/\/www.cognitoforms.com\/f\/UVx_QAUPq0uft54swmnZwQ\/40\" style=\"border:0;width:100%;\" height=\"499\"><\/iframe>\r\n<script src=\"https:\/\/www.cognitoforms.com\/f\/iframe.js\"><\/script>\t\t\t\t<\/div>\n\t\t\t\t<\/div>\n\t\t<div class=\"elementor-element elementor-element-23dbeb7 e-con-full e-flex e-con e-child\" data-id=\"23dbeb7\" data-element_type=\"container\" data-e-type=\"container\" data-settings=\"{&quot;jet_parallax_layout_list&quot;:[]}\">\n\t\t\t\t<div class=\"elementor-element elementor-element-c94e525 elementor-view-default elementor-widget elementor-widget-icon\" data-id=\"c94e525\" data-element_type=\"widget\" data-e-type=\"widget\" data-widget_type=\"icon.default\">\n\t\t\t\t\t\t\t<div class=\"elementor-icon-wrapper\">\n\t\t\t<div class=\"elementor-icon\">\n\t\t\t<i aria-hidden=\"true\" class=\"fas fa-phone-alt\"><\/i>\t\t\t<\/div>\n\t\t<\/div>\n\t\t\t\t\t\t<\/div>\n\t\t\t\t<div class=\"elementor-element elementor-element-bb7ce7b elementor-widget elementor-widget-text-editor\" data-id=\"bb7ce7b\" data-element_type=\"widget\" data-e-type=\"widget\" data-widget_type=\"text-editor.default\">\n\t\t\t\t\t\t\t\t\t<p><strong>Sans-Frais : 1.800.463.4043<\/strong><br \/>Toronto : 289.328.2347<br \/>Montr\u00e9al : 514.731.6013<br \/>Qu\u00e9bec : 418.877.2787<\/p>\t\t\t\t\t\t\t\t<\/div>\n\t\t\t\t<div class=\"elementor-element elementor-element-e378a9e elementor-widget elementor-widget-image\" data-id=\"e378a9e\" data-element_type=\"widget\" data-e-type=\"widget\" data-widget_type=\"image.default\">\n\t\t\t\t\t\t\t\t\t\t\t\t\t\t\t<img decoding=\"async\" width=\"50\" height=\"50\" src=\"https:\/\/datadis.com\/wp-content\/uploads\/2020\/10\/icons8-online-support-96.png\" class=\"attachment-large size-large wp-image-1308\" alt=\"icons8 - Icone support en ligne\" loading=\"lazy\" \/>\t\t\t\t\t\t\t\t\t\t\t\t\t\t\t<\/div>\n\t\t\t\t<div class=\"elementor-element elementor-element-72c22e5 elementor-widget elementor-widget-text-editor\" data-id=\"72c22e5\" data-element_type=\"widget\" data-e-type=\"widget\" data-widget_type=\"text-editor.default\">\n\t\t\t\t\t\t\t\t\t<p style=\"text-align: right;\"><strong>Soutien technique: <\/strong>1.800.463.4043 x 4<br \/><strong>Ventes:<\/strong> 1.800.463.4043 x 5<br \/><strong>Administration:<\/strong> 1.800.463.4043 x 6<\/p>\t\t\t\t\t\t\t\t<\/div>\n\t\t\t\t<div class=\"elementor-element elementor-element-f9df2cd elementor-widget elementor-widget-image\" data-id=\"f9df2cd\" data-element_type=\"widget\" data-e-type=\"widget\" data-widget_type=\"image.default\">\n\t\t\t\t\t\t\t\t\t\t\t\t\t\t\t<img decoding=\"async\" width=\"50\" height=\"50\" src=\"https:\/\/datadis.com\/wp-content\/uploads\/2020\/10\/icons8-place-marker-96.png\" class=\"attachment-large size-large wp-image-1311\" alt=\"Icons8 - Icone localisation\" loading=\"lazy\" \/>\t\t\t\t\t\t\t\t\t\t\t\t\t\t\t<\/div>\n\t\t\t\t<div class=\"elementor-element elementor-element-a325005 elementor-widget elementor-widget-text-editor\" data-id=\"a325005\" data-element_type=\"widget\" data-e-type=\"widget\" data-widget_type=\"text-editor.default\">\n\t\t\t\t\t\t\t\t\t<p><strong>DataDis &#8211; Si\u00e8ge Social<\/strong><\/p><p><strong>Qu\u00e9bec<\/strong> : <a href=\"https:\/\/www.google.com\/maps\/place\/5232+Bd+Wilfrid-Hamel,+Qu%C3%A9bec,+QC+G2E+2G9,+Canada\/@46.8017464,-71.3351055,772m\/data=!3m2!1e3!4b1!4m6!3m5!1s0x4cb897619ec8b7af:0xa75be76cfe8c5a20!8m2!3d46.8017464!4d-71.3351055!16s%2Fg%2F11q2nhmmjv?entry=ttu&amp;g_ep=EgoyMDI2MDQwMS4wIKXMDSoASAFQAw%3D%3D\" rel=\"nofollow noopener\" target=\"_blank\"><span style=\"color: #000000;\">5232, Boul. Wilfrid-Hamel, Qu\u00e9bec, QC G2E 2G9, Canada.<\/span><\/a><\/p><p><strong>Autre Bureau<\/strong><\/p><p><strong>Montr\u00e9al<\/strong> : <a href=\"https:\/\/www.google.com\/maps\/place\/4430+Rue+Garand,+Laval,+QC+H7L+5Z6\/@45.5966636,-73.756385,17z\/data=!3m1!4b1!4m6!3m5!1s0x4cc92148d04039ab:0x84aaab547ed3dfeb!8m2!3d45.5966599!4d-73.7541963!16s%2Fg%2F11hzz3xkn4\" rel=\"nofollow noopener\" target=\"_blank\">4430 Garand, Laval, QC, H7L 5Z6, Canada.<\/a><\/p><p><strong>DataDis &#8211; \u00c9tats-Unis<\/strong><\/p><p><strong>Newark<\/strong> :\u00a0<a href=\"https:\/\/www.google.com\/maps\/place\/2915+Ogletown+Rd,+Newark,+DE+19713,+%C3%89tats-Unis\/@39.6806004,-75.7080652,17z\/data=!3m1!4b1!4m6!3m5!1s0x89c700a47f204fa3:0x36bb8ab06780bb4!8m2!3d39.6806004!4d-75.7054849!16s%2Fg%2F11b8v5_whz?entry=ttu\" rel=\"nofollow noopener\" target=\"_blank\">2915, Ogletown Road, Newark, DE 19713, \u00c9tats-Unis<\/a><\/p>\t\t\t\t\t\t\t\t<\/div>\n\t\t\t\t<\/div>\n\t\t\t\t<\/div>\n\t\t\t\t<\/div>\n\t\t\t\t<\/div>\n\t\t<div class=\"elementor-element elementor-element-79f2704 e-flex e-con-boxed e-con e-parent\" data-id=\"79f2704\" data-element_type=\"container\" data-e-type=\"container\" data-settings=\"{&quot;jet_parallax_layout_list&quot;:[]}\">\n\t\t\t\t\t<div class=\"e-con-inner\">\n\t\t<div class=\"elementor-element elementor-element-6677fd7 e-con-full e-flex e-con e-child\" data-id=\"6677fd7\" data-element_type=\"container\" data-e-type=\"container\" data-settings=\"{&quot;jet_parallax_layout_list&quot;:[]}\">\n\t\t\t\t<\/div>\n\t\t<div class=\"elementor-element elementor-element-785595d e-con-full e-flex e-con e-child\" data-id=\"785595d\" data-element_type=\"container\" data-e-type=\"container\" data-settings=\"{&quot;jet_parallax_layout_list&quot;:[]}\">\n\t\t\t\t<div class=\"elementor-element elementor-element-cb1619b elementor-widget elementor-widget-image\" data-id=\"cb1619b\" data-element_type=\"widget\" data-e-type=\"widget\" data-widget_type=\"image.default\">\n\t\t\t\t\t\t\t\t\t\t\t\t\t\t\t\t<a href=\"https:\/\/webmeeting.datadis.net\/as\/wapi\/goto_downloader?role=attendee\" target=\"_blank\" rel=\"nofollow noopener\">\n\t\t\t\t\t\t\t<img decoding=\"async\" width=\"190\" height=\"40\" src=\"https:\/\/datadis.com\/wp-content\/uploads\/2021\/02\/Turbo-meeting-.png\" class=\"elementor-animation-grow attachment-medium size-medium wp-image-6001\" alt=\"\" loading=\"lazy\">\t\t\t\t\t\t\t\t<\/a>\n\t\t\t\t\t\t\t\t\t\t\t\t\t\t\t<\/div>\n\t\t\t\t<\/div>\n\t\t\t\t\t<\/div>\n\t\t\t\t<\/div>\n\t\t\t\t<\/div>\n\t\t","protected":false},"excerpt":{"rendered":"<p>Envoyez-nous un message! Sans-Frais : 1.800.463.4043Toronto : 289.328.2347Montr\u00e9al : 514.731.6013Qu\u00e9bec : 418.877.2787 Soutien technique: 1.800.463.4043 x 4Ventes: 1.800.463.4043 x 5Administration: 1.800.463.4043 x 6 DataDis &#8211; Si\u00e8ge Social Qu\u00e9bec : 5232, Boul. Wilfrid-Hamel, Qu\u00e9bec, QC G2E 2G9, Canada. Autre Bureau Montr\u00e9al : 4430 Garand, Laval, QC, H7L 5Z6, Canada. DataDis &#8211; \u00c9tats-Unis Newark :\u00a02915, Ogletown Road, [&hellip;]<\/p>\n","protected":false},"author":1,"featured_media":0,"parent":0,"menu_order":0,"comment_status":"closed","ping_status":"closed","template":"","meta":{"footnotes":""},"class_list":["post-1302","page","type-page","status-publish","hentry"],"_links":{"self":[{"href":"https:\/\/datadis.com\/fr\/wp-json\/wp\/v2\/pages\/1302","targetHints":{"allow":["GET"]}}],"collection":[{"href":"https:\/\/datadis.com\/fr\/wp-json\/wp\/v2\/pages"}],"about":[{"href":"https:\/\/datadis.com\/fr\/wp-json\/wp\/v2\/types\/page"}],"author":[{"embeddable":true,"href":"https:\/\/datadis.com\/fr\/wp-json\/wp\/v2\/users\/1"}],"replies":[{"embeddable":true,"href":"https:\/\/datadis.com\/fr\/wp-json\/wp\/v2\/comments?post=1302"}],"version-history":[{"count":11,"href":"https:\/\/datadis.com\/fr\/wp-json\/wp\/v2\/pages\/1302\/revisions"}],"predecessor-version":[{"id":26096,"href":"https:\/\/datadis.com\/fr\/wp-json\/wp\/v2\/pages\/1302\/revisions\/26096"}],"wp:attachment":[{"href":"https:\/\/datadis.com\/fr\/wp-json\/wp\/v2\/media?parent=1302"}],"curies":[{"name":"wp","href":"https:\/\/api.w.org\/{rel}","templated":true}]}}