{"id":1272,"date":"2020-10-17T13:32:08","date_gmt":"2020-10-17T17:32:08","guid":{"rendered":"http:\/\/past-lumber.flywheelsites.com\/?page_id=1272"},"modified":"2024-11-18T16:08:04","modified_gmt":"2024-11-18T21:08:04","slug":"services","status":"publish","type":"page","link":"https:\/\/datadis.com\/fr\/services\/","title":{"rendered":"Services"},"content":{"rendered":"\t\t<div data-elementor-type=\"wp-page\" data-elementor-id=\"1272\" class=\"elementor elementor-1272\" data-elementor-post-type=\"page\">\n\t\t\t\t<div class=\"elementor-element elementor-element-6fd1ccc e-flex e-con-boxed e-con e-parent\" data-id=\"6fd1ccc\" data-element_type=\"container\" data-e-type=\"container\" data-settings=\"{&quot;jet_parallax_layout_list&quot;:[]}\">\n\t\t\t\t\t<div class=\"e-con-inner\">\n\t\t\t\t<div class=\"elementor-element elementor-element-41ae536 elementor-widget elementor-widget-video\" data-id=\"41ae536\" data-element_type=\"widget\" data-e-type=\"widget\" data-settings=\"{&quot;youtube_url&quot;:&quot;https:\\\/\\\/www.youtube.com\\\/watch?v=_EDt0FdxSOA&quot;,&quot;video_type&quot;:&quot;youtube&quot;,&quot;controls&quot;:&quot;yes&quot;}\" data-widget_type=\"video.default\">\n\t\t\t\t\t\t\t<div class=\"elementor-wrapper elementor-open-inline\">\n\t\t\t<div class=\"elementor-video\"><\/div>\t\t<\/div>\n\t\t\t\t\t\t<\/div>\n\t\t\t\t\t<\/div>\n\t\t\t\t<\/div>\n\t\t\t\t<section class=\"elementor-section elementor-top-section elementor-element elementor-element-191ae92 elementor-section-boxed elementor-section-height-default elementor-section-height-default\" data-id=\"191ae92\" data-element_type=\"section\" data-e-type=\"section\" data-settings=\"{&quot;jet_parallax_layout_list&quot;:[]}\">\n\t\t\t\t\t\t<div class=\"elementor-container elementor-column-gap-default\">\n\t\t\t\t\t<div class=\"elementor-column elementor-col-100 elementor-top-column elementor-element elementor-element-75d2245\" data-id=\"75d2245\" data-element_type=\"column\" data-e-type=\"column\">\n\t\t\t<div class=\"elementor-widget-wrap elementor-element-populated\">\n\t\t\t\t\t\t<div class=\"elementor-element elementor-element-7a813ac elementor-widget elementor-widget-text-editor\" data-id=\"7a813ac\" data-element_type=\"widget\" data-e-type=\"widget\" data-widget_type=\"text-editor.default\">\n\t\t\t\t\t\t\t\t\t<p><span style=\"font-weight: 400;\">Chez DataDis, le succ\u00e8s \u00e0 long terme de nos clients nous tient \u00e0 c\u0153ur. C\u2019est pourquoi notre \u00e9quipe traite chaque entreprise, peu importe sa taille ou son champ d\u2019expertise, avec la m\u00eame qualit\u00e9 de service hors pair et\u00a0 avec le m\u00eame souci du d\u00e9tail.<\/span><\/p><p><span style=\"font-weight: 400;\">Lorsque vous implantez notre logiciel MIR-RT pour g\u00e9rer les entretiens m\u00e9caniques de votre flotte de v\u00e9hicules et d\u2019\u00e9quipements, vous \u00eates assur\u00e9 d\u2019obtenir une solution con\u00e7ue sp\u00e9cifiquement pour votre \u00e9quipe de maintenance. Vous obtenez \u00e9galement l\u2019encadrement et le soutien technique pour op\u00e9rer efficacement votre nouvelle acquisition.<\/span><\/p><p><span style=\"font-weight: 400;\">Choisir DataDis, c\u2019est obtenir une expertise pour l\u2019implantation d\u2019une solution logicielle d\u00e9di\u00e9e \u00e0 la gestion de la maintenance et un partenaire \u00e0 long terme !<\/span><\/p>\t\t\t\t\t\t\t\t<\/div>\n\t\t\t\t\t<\/div>\n\t\t<\/div>\n\t\t\t\t\t<\/div>\n\t\t<\/section>\n\t\t\t\t<\/div>\n\t\t","protected":false},"excerpt":{"rendered":"<p>https:\/\/www.youtube.com\/watch?v=_EDt0FdxSOA Chez DataDis, le succ\u00e8s \u00e0 long terme de nos clients nous tient \u00e0 c\u0153ur. C\u2019est pourquoi notre \u00e9quipe traite chaque entreprise, peu importe sa taille ou son champ d\u2019expertise, avec la m\u00eame qualit\u00e9 de service hors pair et\u00a0 avec le m\u00eame souci du d\u00e9tail. Lorsque vous implantez notre logiciel MIR-RT pour g\u00e9rer les entretiens [&hellip;]<\/p>\n","protected":false},"author":1,"featured_media":0,"parent":0,"menu_order":0,"comment_status":"closed","ping_status":"closed","template":"","meta":{"footnotes":""},"class_list":["post-1272","page","type-page","status-publish","hentry"],"_links":{"self":[{"href":"https:\/\/datadis.com\/fr\/wp-json\/wp\/v2\/pages\/1272","targetHints":{"allow":["GET"]}}],"collection":[{"href":"https:\/\/datadis.com\/fr\/wp-json\/wp\/v2\/pages"}],"about":[{"href":"https:\/\/datadis.com\/fr\/wp-json\/wp\/v2\/types\/page"}],"author":[{"embeddable":true,"href":"https:\/\/datadis.com\/fr\/wp-json\/wp\/v2\/users\/1"}],"replies":[{"embeddable":true,"href":"https:\/\/datadis.com\/fr\/wp-json\/wp\/v2\/comments?post=1272"}],"version-history":[{"count":4,"href":"https:\/\/datadis.com\/fr\/wp-json\/wp\/v2\/pages\/1272\/revisions"}],"predecessor-version":[{"id":20626,"href":"https:\/\/datadis.com\/fr\/wp-json\/wp\/v2\/pages\/1272\/revisions\/20626"}],"wp:attachment":[{"href":"https:\/\/datadis.com\/fr\/wp-json\/wp\/v2\/media?parent=1272"}],"curies":[{"name":"wp","href":"https:\/\/api.w.org\/{rel}","templated":true}]}}